{"id":262,"date":"2022-06-29T22:22:05","date_gmt":"2022-06-29T22:22:05","guid":{"rendered":"https:\/\/mutualara.com.ar\/tienda\/?post_type=product&#038;p=262"},"modified":"2022-09-28T16:13:26","modified_gmt":"2022-09-28T16:13:26","slug":"clinica-de-la-familia-solano-precios-exclusivos","status":"publish","type":"product","link":"https:\/\/mutualara.com.ar\/tienda\/producto\/clinica-de-la-familia-solano-precios-exclusivos\/","title":{"rendered":"Cl\u00ednica de la Familia Solano Precios Exclusivos"},"content":{"rendered":"","protected":false},"excerpt":{"rendered":"<h1><strong>Precios Exclusivos<\/strong><\/h1>\n<p>servicios de atenci\u00f3n ambulatoria programada y no programada con Guardia que funciona las 24 horas, los 365 d\u00edas del a\u00f1o.<\/p>\n<p><strong>Web:<\/strong> www.cnyf.com.ar<\/p>\n<p><strong>Direcci\u00f3n:<\/strong> Calle 843 2416<\/p>\n<p><strong>Localidad:<\/strong> Quilmes<\/p>\n<p><strong>Tel\u00e9fono :<\/strong> 1124629935<\/p>\n<p>&nbsp;<\/p>\n","protected":false},"featured_media":263,"comment_status":"open","ping_status":"closed","template":"","meta":[],"product_cat":[33],"product_tag":[],"class_list":["post-262","product","type-product","status-publish","has-post-thumbnail","hentry","product_cat-salud"],"_links":{"self":[{"href":"https:\/\/mutualara.com.ar\/tienda\/wp-json\/wp\/v2\/product\/262","targetHints":{"allow":["GET"]}}],"collection":[{"href":"https:\/\/mutualara.com.ar\/tienda\/wp-json\/wp\/v2\/product"}],"about":[{"href":"https:\/\/mutualara.com.ar\/tienda\/wp-json\/wp\/v2\/types\/product"}],"replies":[{"embeddable":true,"href":"https:\/\/mutualara.com.ar\/tienda\/wp-json\/wp\/v2\/comments?post=262"}],"wp:featuredmedia":[{"embeddable":true,"href":"https:\/\/mutualara.com.ar\/tienda\/wp-json\/wp\/v2\/media\/263"}],"wp:attachment":[{"href":"https:\/\/mutualara.com.ar\/tienda\/wp-json\/wp\/v2\/media?parent=262"}],"wp:term":[{"taxonomy":"product_cat","embeddable":true,"href":"https:\/\/mutualara.com.ar\/tienda\/wp-json\/wp\/v2\/product_cat?post=262"},{"taxonomy":"product_tag","embeddable":true,"href":"https:\/\/mutualara.com.ar\/tienda\/wp-json\/wp\/v2\/product_tag?post=262"}],"curies":[{"name":"wp","href":"https:\/\/api.w.org\/{rel}","templated":true}]}}