{"id":177,"date":"2024-08-09T15:26:14","date_gmt":"2024-08-09T15:26:14","guid":{"rendered":"https:\/\/mutualara.com.ar\/tiendaventas\/?page_id=177"},"modified":"2024-08-21T19:14:32","modified_gmt":"2024-08-21T19:14:32","slug":"como-se-usan-los-puntos","status":"publish","type":"page","link":"https:\/\/mutualara.com.ar\/tiendaventas\/como-se-usan-los-puntos\/","title":{"rendered":"Como se usan los Puntos"},"content":{"rendered":"\n<p>Mediante la compra sumas determinados puntos que son canjeables como descuentos en todos los productos de la tienda recorda estar registrado en la pagina para que el sistema sepa a quien asignarle los puntos.<\/p>\n\n\n\n<p>Tambi\u00e9n adem\u00e1s Tenes puntos por asignaci\u00f3n en los siguientes niveles<\/p>\n\n\n\n<p><\/p>\n\n\n\n<p>NIVELES<\/p>\n\n\n\n<p>Nivel 1 Bronce: Pagando la cuota de la mutual a 3mil pesos y d\u00e1ndose de alta en la tienda (300 puntos)<\/p>\n\n\n\n<p>Nivel 2 Plata: Pagando la Mutual a 5 mil pesos o siendo empleado en relaci\u00f3n de dependencia y d\u00e1ndose de alta en la tienda (500 puntos)<\/p>\n\n\n\n<p>Nivel 3 Oro: Pagando la mutual a 8mil pesos o siendo empleado en relaci\u00f3n de dependencia + cuota social y d\u00e1ndose de alta en la tienda (800 puntos)<\/p>\n\n\n\n<p><strong>BENEFICIOS<\/strong><\/p>\n\n\n\n<ul class=\"wp-block-list\">\n<li><strong>Nivel 1 bronce: Descuento en viajes, en red de cl\u00ednicas y asesoramiento jur\u00eddico y contable.<\/strong><\/li>\n\n\n\n<li><strong>Nivel 2 Bronce: Paquetes de viajes, Descuento en seguro y habilitaci\u00f3n vehicular.<\/strong><\/li>\n\n\n\n<li><strong>Nivel 3 Oro: Plan de cl\u00ednicas, paquetes de viaje, asesoramiento jur\u00eddico y contable, descuento en seguro y habilitaci\u00f3n vehicular.<\/strong><\/li>\n\n\n\n<li><strong>*Paquetes Anuales= Utiles para el inicio de clase y Cajas navide\u00f1as en fecha de fiestas *<\/strong><\/li>\n<\/ul>\n","protected":false},"excerpt":{"rendered":"<p>Mediante la compra sumas determinados puntos que son canjeables como descuentos en todos los productos de la tienda recorda estar registrado en la pagina para que el sistema sepa a quien asignarle los puntos. Tambi\u00e9n adem\u00e1s Tenes puntos por asignaci\u00f3n en los siguientes niveles NIVELES Nivel 1 Bronce: Pagando la cuota de la mutual a [&hellip;]<\/p>\n","protected":false},"author":1,"featured_media":0,"parent":0,"menu_order":0,"comment_status":"closed","ping_status":"closed","template":"","meta":{"footnotes":""},"class_list":["post-177","page","type-page","status-publish","hentry"],"_links":{"self":[{"href":"https:\/\/mutualara.com.ar\/tiendaventas\/wp-json\/wp\/v2\/pages\/177","targetHints":{"allow":["GET"]}}],"collection":[{"href":"https:\/\/mutualara.com.ar\/tiendaventas\/wp-json\/wp\/v2\/pages"}],"about":[{"href":"https:\/\/mutualara.com.ar\/tiendaventas\/wp-json\/wp\/v2\/types\/page"}],"author":[{"embeddable":true,"href":"https:\/\/mutualara.com.ar\/tiendaventas\/wp-json\/wp\/v2\/users\/1"}],"replies":[{"embeddable":true,"href":"https:\/\/mutualara.com.ar\/tiendaventas\/wp-json\/wp\/v2\/comments?post=177"}],"version-history":[{"count":7,"href":"https:\/\/mutualara.com.ar\/tiendaventas\/wp-json\/wp\/v2\/pages\/177\/revisions"}],"predecessor-version":[{"id":331,"href":"https:\/\/mutualara.com.ar\/tiendaventas\/wp-json\/wp\/v2\/pages\/177\/revisions\/331"}],"wp:attachment":[{"href":"https:\/\/mutualara.com.ar\/tiendaventas\/wp-json\/wp\/v2\/media?parent=177"}],"curies":[{"name":"wp","href":"https:\/\/api.w.org\/{rel}","templated":true}]}}