{"id":399,"date":"2024-09-03T17:46:29","date_gmt":"2024-09-03T17:46:29","guid":{"rendered":"https:\/\/mutualara.com.ar\/tiendaventas\/?post_type=product&#038;p=399"},"modified":"2024-12-10T13:52:31","modified_gmt":"2024-12-10T13:52:31","slug":"crique-tijera-konan","status":"publish","type":"product","link":"https:\/\/mutualara.com.ar\/tiendaventas\/producto\/crique-tijera-konan\/","title":{"rendered":"Crique Tijera Konan"},"content":{"rendered":"<p>Crique Tijera Para 1 Toneladas Konan<\/p>\n<p>CARACTERISTICAS:<br \/>\n&#8211; Crique tijera<br \/>\n&#8211; M\u00e1xima altura levantada: 35 cm<br \/>\n&#8211; M\u00ednima altura levantada: 10 cm<br \/>\n&#8211; Largo de la palanca: 50 cm<br \/>\n&#8211; Peso m\u00e1ximo soportado: 1 tonelada<\/p>\n<p>Peso producto: 2 kg<br \/>\nPeso producto embalado: 2,1 kg<br \/>\nMedidas del producto embalado: 44 x 10 x 11,5 cm<\/p>\n","protected":false},"excerpt":{"rendered":"<p>Crique Tijera Para 1 Toneladas Konan CARACTERISTICAS: &#8211; Crique tijera &#8211; M\u00e1xima altura levantada: 35 cm &#8211; M\u00ednima altura levantada: 10 cm &#8211; Largo de la palanca: 50 cm &#8211; Peso m\u00e1ximo soportado: 1 tonelada Peso producto: 2 kg Peso producto embalado: 2,1 kg Medidas del producto embalado: 44 x 10 x 11,5 cm<\/p>\n","protected":false},"featured_media":510,"comment_status":"open","ping_status":"closed","template":"","meta":[],"product_cat":[15,24],"product_tag":[],"class_list":["post-399","product","type-product","status-publish","has-post-thumbnail","hentry","product_cat-productos","product_cat-automotor","wcpa_has_options"],"_links":{"self":[{"href":"https:\/\/mutualara.com.ar\/tiendaventas\/wp-json\/wp\/v2\/product\/399","targetHints":{"allow":["GET"]}}],"collection":[{"href":"https:\/\/mutualara.com.ar\/tiendaventas\/wp-json\/wp\/v2\/product"}],"about":[{"href":"https:\/\/mutualara.com.ar\/tiendaventas\/wp-json\/wp\/v2\/types\/product"}],"replies":[{"embeddable":true,"href":"https:\/\/mutualara.com.ar\/tiendaventas\/wp-json\/wp\/v2\/comments?post=399"}],"wp:featuredmedia":[{"embeddable":true,"href":"https:\/\/mutualara.com.ar\/tiendaventas\/wp-json\/wp\/v2\/media\/510"}],"wp:attachment":[{"href":"https:\/\/mutualara.com.ar\/tiendaventas\/wp-json\/wp\/v2\/media?parent=399"}],"wp:term":[{"taxonomy":"product_cat","embeddable":true,"href":"https:\/\/mutualara.com.ar\/tiendaventas\/wp-json\/wp\/v2\/product_cat?post=399"},{"taxonomy":"product_tag","embeddable":true,"href":"https:\/\/mutualara.com.ar\/tiendaventas\/wp-json\/wp\/v2\/product_tag?post=399"}],"curies":[{"name":"wp","href":"https:\/\/api.w.org\/{rel}","templated":true}]}}