{"id":452,"date":"2024-09-23T18:25:51","date_gmt":"2024-09-23T18:25:51","guid":{"rendered":"https:\/\/mutualara.com.ar\/tiendaventas\/?post_type=product&#038;p=452"},"modified":"2024-10-09T18:42:28","modified_gmt":"2024-10-09T18:42:28","slug":"tostadora-liliana-at903-blanca-220v","status":"publish","type":"product","link":"https:\/\/mutualara.com.ar\/tiendaventas\/producto\/tostadora-liliana-at903-blanca-220v\/","title":{"rendered":"Tostadora Liliana At903 Blanca 220v"},"content":{"rendered":"<div class=\"ui-vpp-striped-specs\">\n<div class=\"ui-vpp-striped-specs__table\">\n<h3 class=\"ui-vpp-striped-specs__header\">Caracter\u00edsticas principales<\/h3>\n<table class=\"andes-table\">\n<tbody class=\"andes-table__body\">\n<tr class=\"andes-table__row ui-vpp-striped-specs__row\">\n<th class=\"andes-table__header andes-table__header--left ui-vpp-striped-specs__row__column ui-vpp-striped-specs__row__column--id\" scope=\"row\">\n<div class=\"andes-table__header__container\">Marca<\/div>\n<\/th>\n<td id=\":Rkjqlp2k4um:\" class=\"andes-table__column andes-table__column--left andes-table__column--vertical-align-center ui-vpp-striped-specs__row__column\"><span id=\":Rkjqlp2k4um:-value\" class=\"andes-table__column--value\">Liliana<\/span><\/td>\n<\/tr>\n<tr class=\"andes-table__row ui-vpp-striped-specs__row\">\n<th class=\"andes-table__header andes-table__header--left ui-vpp-striped-specs__row__column ui-vpp-striped-specs__row__column--id\" scope=\"row\">\n<div class=\"andes-table__header__container\">L\u00ednea<\/div>\n<\/th>\n<td id=\":Rklqlp2k4um:\" class=\"andes-table__column andes-table__column--left andes-table__column--vertical-align-center ui-vpp-striped-specs__row__column\"><span id=\":Rklqlp2k4um:-value\" class=\"andes-table__column--value\">Sandtost<\/span><\/td>\n<\/tr>\n<tr class=\"andes-table__row ui-vpp-striped-specs__row\">\n<th class=\"andes-table__header andes-table__header--left ui-vpp-striped-specs__row__column ui-vpp-striped-specs__row__column--id\" scope=\"row\">\n<div class=\"andes-table__header__container\">Modelo<\/div>\n<\/th>\n<td id=\":Rknqlp2k4um:\" class=\"andes-table__column andes-table__column--left andes-table__column--vertical-align-center ui-vpp-striped-specs__row__column\"><span id=\":Rknqlp2k4um:-value\" class=\"andes-table__column--value\">AT903<\/span><\/td>\n<\/tr>\n<tr class=\"andes-table__row ui-vpp-striped-specs__row\">\n<th class=\"andes-table__header andes-table__header--left ui-vpp-striped-specs__row__column ui-vpp-striped-specs__row__column--id\" scope=\"row\">\n<div class=\"andes-table__header__container\">Color<\/div>\n<\/th>\n<td id=\":Rkpqlp2k4um:\" class=\"andes-table__column andes-table__column--left andes-table__column--vertical-align-center ui-vpp-striped-specs__row__column\"><span id=\":Rkpqlp2k4um:-value\" class=\"andes-table__column--value\">Blanco<\/span><\/td>\n<\/tr>\n<tr class=\"andes-table__row ui-vpp-striped-specs__row\">\n<th class=\"andes-table__header andes-table__header--left ui-vpp-striped-specs__row__column ui-vpp-striped-specs__row__column--id\" scope=\"row\">\n<div class=\"andes-table__header__container\">Voltaje<\/div>\n<\/th>\n<td id=\":Rkrqlp2k4um:\" class=\"andes-table__column andes-table__column--left andes-table__column--vertical-align-center ui-vpp-striped-specs__row__column\"><span id=\":Rkrqlp2k4um:-value\" class=\"andes-table__column--value\">220V<\/span><\/td>\n<\/tr>\n<\/tbody>\n<\/table>\n<\/div>\n<\/div>\n<div class=\"ui-vpp-striped-specs\">\n<div class=\"ui-vpp-striped-specs__table\">\n<h3 class=\"ui-vpp-striped-specs__header\">Registros de producto<\/h3>\n<table class=\"andes-table\">\n<tbody class=\"andes-table__body\">\n<tr class=\"andes-table__row ui-vpp-striped-specs__row\">\n<th class=\"andes-table__header andes-table__header--left ui-vpp-striped-specs__row__column ui-vpp-striped-specs__row__column--id\" scope=\"row\">\n<div class=\"andes-table__header__container\">Organismo de certificaci\u00f3n (OCP)<\/div>\n<\/th>\n<td id=\":Rafj5p2k4um:\" class=\"andes-table__column andes-table__column--left andes-table__column--vertical-align-center ui-vpp-striped-specs__row__column\"><span id=\":Rafj5p2k4um:-value\" class=\"andes-table__column--value\">IQC S.A.<\/span><\/td>\n<\/tr>\n<\/tbody>\n<\/table>\n<\/div>\n<div class=\"ui-vpp-striped-specs__table\">\n<h3 class=\"ui-vpp-striped-specs__header\">Otros<\/h3>\n<table class=\"andes-table\">\n<tbody class=\"andes-table__body\">\n<tr class=\"andes-table__row ui-vpp-striped-specs__row\">\n<th class=\"andes-table__header andes-table__header--left ui-vpp-striped-specs__row__column ui-vpp-striped-specs__row__column--id\" scope=\"row\">\n<div class=\"andes-table__header__container\">Potencia<\/div>\n<\/th>\n<td id=\":R197l5p2k4um:\" class=\"andes-table__column andes-table__column--left andes-table__column--vertical-align-center ui-vpp-striped-specs__row__column\"><span id=\":R197l5p2k4um:-value\" class=\"andes-table__column--value\">800 W<\/span><\/td>\n<\/tr>\n<tr class=\"andes-table__row ui-vpp-striped-specs__row\">\n<th class=\"andes-table__header andes-table__header--left ui-vpp-striped-specs__row__column ui-vpp-striped-specs__row__column--id\" scope=\"row\">\n<div class=\"andes-table__header__container\">Capacidad de rodajas<\/div>\n<\/th>\n<td id=\":R19bl5p2k4um:\" class=\"andes-table__column andes-table__column--left andes-table__column--vertical-align-center ui-vpp-striped-specs__row__column\"><span id=\":R19bl5p2k4um:-value\" class=\"andes-table__column--value\">2<\/span><\/td>\n<\/tr>\n<tr class=\"andes-table__row ui-vpp-striped-specs__row\">\n<th class=\"andes-table__header andes-table__header--left ui-vpp-striped-specs__row__column ui-vpp-striped-specs__row__column--id\" scope=\"row\">\n<div class=\"andes-table__header__container\">Cantidad de niveles<\/div>\n<\/th>\n<td id=\":R19fl5p2k4um:\" class=\"andes-table__column andes-table__column--left andes-table__column--vertical-align-center ui-vpp-striped-specs__row__column\"><span id=\":R19fl5p2k4um:-value\" class=\"andes-table__column--value\">7<\/span><\/td>\n<\/tr>\n<tr class=\"andes-table__row ui-vpp-striped-specs__row\">\n<th class=\"andes-table__header andes-table__header--left ui-vpp-striped-specs__row__column ui-vpp-striped-specs__row__column--id\" scope=\"row\">\n<div class=\"andes-table__header__container\">Funciones<\/div>\n<\/th>\n<td id=\":R19jl5p2k4um:\" class=\"andes-table__column andes-table__column--left andes-table__column--vertical-align-center ui-vpp-striped-specs__row__column\"><span id=\":R19jl5p2k4um:-value\" class=\"andes-table__column--value\">TOSTAR &#8211; CALENTAR -DESCONGELAR<\/span><\/td>\n<\/tr>\n<tr class=\"andes-table__row ui-vpp-striped-specs__row\">\n<th class=\"andes-table__header andes-table__header--left ui-vpp-striped-specs__row__column ui-vpp-striped-specs__row__column--id\" scope=\"row\">\n<div class=\"andes-table__header__container\">Es apto para bagels<\/div>\n<\/th>\n<td id=\":R19nl5p2k4um:\" class=\"andes-table__column andes-table__column--left andes-table__column--vertical-align-center ui-vpp-striped-specs__row__column\"><span id=\":R19nl5p2k4um:-value\" class=\"andes-table__column--value\">S\u00ed<\/span><\/td>\n<\/tr>\n<tr class=\"andes-table__row ui-vpp-striped-specs__row\">\n<th class=\"andes-table__header andes-table__header--left ui-vpp-striped-specs__row__column ui-vpp-striped-specs__row__column--id\" scope=\"row\">\n<div class=\"andes-table__header__container\">Con bandeja recoge migas<\/div>\n<\/th>\n<td id=\":R19rl5p2k4um:\" class=\"andes-table__column andes-table__column--left andes-table__column--vertical-align-center ui-vpp-striped-specs__row__column\"><span id=\":R19rl5p2k4um:-value\" class=\"andes-table__column--value\">S\u00ed<\/span><\/td>\n<\/tr>\n<tr class=\"andes-table__row ui-vpp-striped-specs__row\">\n<th class=\"andes-table__header andes-table__header--left ui-vpp-striped-specs__row__column ui-vpp-striped-specs__row__column--id\" scope=\"row\">\n<div class=\"andes-table__header__container\">Material del cuerpo<\/div>\n<\/th>\n<td id=\":R19vl5p2k4um:\" class=\"andes-table__column andes-table__column--left andes-table__column--vertical-align-center ui-vpp-striped-specs__row__column\"><span id=\":R19vl5p2k4um:-value\" class=\"andes-table__column--value\">Pl\u00e1stico<\/span><\/td>\n<\/tr>\n<\/tbody>\n<\/table>\n<\/div>\n<\/div>\n","protected":false},"excerpt":{"rendered":"<div class=\"ui-pdp-container__col col-3 ui-pdp-container--column-center pb-16\">\n<div class=\"ui-pdp--sticky-wrapper ui-pdp--sticky-wrapper-center\">\n<div class=\"ui-pdp-container__row\">\n<div class=\"ui-pdp-container__col col-1\">\n<div class=\"ui-pdp-collapsable ui-pdp-description-collapse\">\n<div class=\"ui-pdp-collapsable__container\">\n<div class=\"ui-pdp-description pl-45 pr-45 ui-pdp-collapsable--is-collapsed\">\n<p class=\"ui-pdp-description__content\">\u00bfTe acord\u00e1s del cl\u00e1sico aroma a tostadas reci\u00e9n hechas en la casa de la abuela? \u00bfQu\u00e9 tal un gran desayuno de pan tostado con manteca y mermelada? Con la tostadora Liliana AT903 te asegurar\u00e1s un resultado parejo y crujiente. Preparar colaciones ser\u00e1 una tarea sencilla y pr\u00e1ctica. \u00a1Hacelas con tus ingredientes favoritos! Adem\u00e1s, su dise\u00f1o elegante y funcional destacar\u00e1 en tu cocina.<\/p>\n<\/div>\n<\/div>\n<\/div>\n<\/div>\n<\/div>\n<div class=\"ui-pdp-container__row\">\n<div class=\"ui-pdp-container__col col-1\"><\/div>\n<\/div>\n<div class=\"ui-pdp-container__row ui-pdp-recommendations-row\">\n<div class=\"ui-pdp-container__col col-1\">\n<div class=\"ui-pdp-spot-middle\"><\/div>\n<\/div>\n<\/div>\n<\/div>\n<\/div>\n<div class=\"ui-pdp-container__col col-1 ui-pdp-container--column-right mt-16 pr-16\">\n<div class=\"ui-pdp--sticky-wrapper ui-pdp--sticky-wrapper-right\">\n<div class=\"ui-pdp-container__row\">\n<div>\n<div class=\"ui-pdp-media ui-pdp-shipping ui-pdp-shipping--md mb-12 ui-pdp-color--BLACK\">\n<div class=\"ui-pdp-media__body\"><\/div>\n<\/div>\n<\/div>\n<\/div>\n<\/div>\n<\/div>\n","protected":false},"featured_media":449,"comment_status":"open","ping_status":"closed","template":"","meta":[],"product_cat":[25],"product_tag":[],"class_list":["post-452","product","type-product","status-publish","has-post-thumbnail","hentry","product_cat-hogar","wcpa_has_options"],"_links":{"self":[{"href":"https:\/\/mutualara.com.ar\/tiendaventas\/wp-json\/wp\/v2\/product\/452","targetHints":{"allow":["GET"]}}],"collection":[{"href":"https:\/\/mutualara.com.ar\/tiendaventas\/wp-json\/wp\/v2\/product"}],"about":[{"href":"https:\/\/mutualara.com.ar\/tiendaventas\/wp-json\/wp\/v2\/types\/product"}],"replies":[{"embeddable":true,"href":"https:\/\/mutualara.com.ar\/tiendaventas\/wp-json\/wp\/v2\/comments?post=452"}],"wp:featuredmedia":[{"embeddable":true,"href":"https:\/\/mutualara.com.ar\/tiendaventas\/wp-json\/wp\/v2\/media\/449"}],"wp:attachment":[{"href":"https:\/\/mutualara.com.ar\/tiendaventas\/wp-json\/wp\/v2\/media?parent=452"}],"wp:term":[{"taxonomy":"product_cat","embeddable":true,"href":"https:\/\/mutualara.com.ar\/tiendaventas\/wp-json\/wp\/v2\/product_cat?post=452"},{"taxonomy":"product_tag","embeddable":true,"href":"https:\/\/mutualara.com.ar\/tiendaventas\/wp-json\/wp\/v2\/product_tag?post=452"}],"curies":[{"name":"wp","href":"https:\/\/api.w.org\/{rel}","templated":true}]}}