{"id":56,"date":"2024-07-23T19:17:44","date_gmt":"2024-07-23T19:17:44","guid":{"rendered":"https:\/\/mutualara.com.ar\/tiendaventas\/?post_type=product&#038;p=56"},"modified":"2024-09-23T20:05:05","modified_gmt":"2024-09-23T20:05:05","slug":"celular-noblex-a60plus-32-gb-2gb","status":"publish","type":"product","link":"https:\/\/mutualara.com.ar\/tiendaventas\/producto\/celular-noblex-a60plus-32-gb-2gb\/","title":{"rendered":"Celular Noblex A60PLUS 32 GB + 2GB"},"content":{"rendered":"<p>Doble c\u00e1mara y m\u00e1s detalles<br \/>\nSus 2 c\u00e1maras traseras de 8 Mpx\/0.8 Mpx te permitir\u00e1n tomar im\u00e1genes con m\u00e1s detalles y lograr efectos \u00fanicos como el famoso modo retrato de poca profundidad de campo.<\/p>\n<p>Adem\u00e1s, el dispositivo cuenta con c\u00e1mara frontal de 5 Mpx para que puedas sacarte divertidas selfies o hacer videollamadas.<\/p>\n<p>M\u00e1s para ver<br \/>\nCon su pantalla IPS de 6&#8243;, disfrut\u00e1 de colores intensos y mayor nitidez en todos tus contenidos.<\/p>\n<p>Todo lo que necesit\u00e1s<br \/>\nSu memoria RAM de 2 GB es justo lo que necesit\u00e1s para utilizar las funciones m\u00e1s importantes como llamar, enviar mensajes, navegar y ejecutar aplicaciones de uso frecuente como redes sociales o multimedia.<\/p>\n<p>Desbloqueo veloz con tu huella dactilar<br \/>\nCon el sensor de huella dactilar, el acceso es seguro y podr\u00e1s desbloquearlo autom\u00e1ticamente con un toque.<\/p>\n<p>Bater\u00eda para todo el d\u00eda<br \/>\nSu bater\u00eda de 3000 mAh se adapta a tu ritmo de vida y te garantiza energ\u00eda para toda una jornada con una sola carga.<\/p>\n<p>El espacio que necesit\u00e1s<br \/>\nCon su memoria interna de 32 GB descarg\u00e1 tus aplicaciones favoritas y guard\u00e1 todas las fotos y videos que quieras.<\/p>\n","protected":false},"excerpt":{"rendered":"<ul class=\"ui-vpp-highlighted-specs__features-list\">\n<li class=\"ui-vpp-highlighted-specs__features-list-item ui-pdp-color--BLACK ui-pdp-size--XSMALL ui-pdp-family--REGULAR\">Memoria RAM: 2 GB<\/li>\n<li class=\"ui-vpp-highlighted-specs__features-list-item ui-pdp-color--BLACK ui-pdp-size--XSMALL ui-pdp-family--REGULAR\">Dispositivo liberado para que elijas la compa\u00f1\u00eda telef\u00f3nica que prefieras.<\/li>\n<li class=\"ui-vpp-highlighted-specs__features-list-item ui-pdp-color--BLACK ui-pdp-size--XSMALL ui-pdp-family--REGULAR\">Pantalla IPS de 6&#8243;.<\/li>\n<li class=\"ui-vpp-highlighted-specs__features-list-item ui-pdp-color--BLACK ui-pdp-size--XSMALL ui-pdp-family--REGULAR\">Tiene 2 c\u00e1maras traseras de 8Mpx\/0.8Mpx.<\/li>\n<li class=\"ui-vpp-highlighted-specs__features-list-item ui-pdp-color--BLACK ui-pdp-size--XSMALL ui-pdp-family--REGULAR\">C\u00e1mara delantera de 5Mpx.<\/li>\n<li class=\"ui-vpp-highlighted-specs__features-list-item ui-pdp-color--BLACK ui-pdp-size--XSMALL ui-pdp-family--REGULAR\">Bater\u00eda de 3000mAh.<\/li>\n<li class=\"ui-vpp-highlighted-specs__features-list-item ui-pdp-color--BLACK ui-pdp-size--XSMALL ui-pdp-family--REGULAR\">Memoria interna de 32GB.<\/li>\n<li class=\"ui-vpp-highlighted-specs__features-list-item ui-pdp-color--BLACK ui-pdp-size--XSMALL ui-pdp-family--REGULAR\">Con sensor de huella dactilar.<\/li>\n<\/ul>\n","protected":false},"featured_media":64,"comment_status":"open","ping_status":"closed","template":"","meta":[],"product_cat":[15,27],"product_tag":[],"class_list":["post-56","product","type-product","status-publish","has-post-thumbnail","hentry","product_cat-productos","product_cat-tecnologia","wcpa_has_options"],"_links":{"self":[{"href":"https:\/\/mutualara.com.ar\/tiendaventas\/wp-json\/wp\/v2\/product\/56","targetHints":{"allow":["GET"]}}],"collection":[{"href":"https:\/\/mutualara.com.ar\/tiendaventas\/wp-json\/wp\/v2\/product"}],"about":[{"href":"https:\/\/mutualara.com.ar\/tiendaventas\/wp-json\/wp\/v2\/types\/product"}],"replies":[{"embeddable":true,"href":"https:\/\/mutualara.com.ar\/tiendaventas\/wp-json\/wp\/v2\/comments?post=56"}],"wp:featuredmedia":[{"embeddable":true,"href":"https:\/\/mutualara.com.ar\/tiendaventas\/wp-json\/wp\/v2\/media\/64"}],"wp:attachment":[{"href":"https:\/\/mutualara.com.ar\/tiendaventas\/wp-json\/wp\/v2\/media?parent=56"}],"wp:term":[{"taxonomy":"product_cat","embeddable":true,"href":"https:\/\/mutualara.com.ar\/tiendaventas\/wp-json\/wp\/v2\/product_cat?post=56"},{"taxonomy":"product_tag","embeddable":true,"href":"https:\/\/mutualara.com.ar\/tiendaventas\/wp-json\/wp\/v2\/product_tag?post=56"}],"curies":[{"name":"wp","href":"https:\/\/api.w.org\/{rel}","templated":true}]}}