{"id":66,"date":"2024-07-23T19:25:44","date_gmt":"2024-07-23T19:25:44","guid":{"rendered":"https:\/\/mutualara.com.ar\/tiendaventas\/?post_type=product&#038;p=66"},"modified":"2024-09-23T17:28:43","modified_gmt":"2024-09-23T17:28:43","slug":"celular-alcatel-i-ultra-32gb","status":"publish","type":"product","link":"https:\/\/mutualara.com.ar\/tiendaventas\/producto\/celular-alcatel-i-ultra-32gb\/","title":{"rendered":"Celular Alcatel I Ultra 32Gb"},"content":{"rendered":"<p>M\u00e1s para ver<br \/>\nCon su pantalla IPS de 5&#8243;, disfrut\u00e1 de colores intensos y mayor nitidez en todos tus contenidos.<\/p>\n<p>Todo lo que necesit\u00e1s<br \/>\nSu memoria RAM de 1 GB es justo lo que necesit\u00e1s para utilizar las funciones m\u00e1s importantes como llamar, enviar mensajes, navegar y ejecutar aplicaciones de uso frecuente como redes sociales o multimedia.<\/p>\n<p>Bater\u00eda para todo el d\u00eda<br \/>\nSu bater\u00eda de 2000 mAh se adapta a tu ritmo de vida y te garantiza energ\u00eda para toda una jornada con una sola carga.<\/p>\n<p>El espacio que necesit\u00e1s<br \/>\nCon su memoria interna de 32 GB descarg\u00e1 tus aplicaciones favoritas y guard\u00e1 todas las fotos y videos que quieras.<\/p>\n","protected":false},"excerpt":{"rendered":"<ul class=\"ui-vpp-highlighted-specs__features-list\">\n<li class=\"ui-vpp-highlighted-specs__features-list-item ui-pdp-color--BLACK ui-pdp-size--XSMALL ui-pdp-family--REGULAR\">Memoria RAM: 1 GB<\/li>\n<li class=\"ui-vpp-highlighted-specs__features-list-item ui-pdp-color--BLACK ui-pdp-size--XSMALL ui-pdp-family--REGULAR\">Dispositivo liberado para que elijas la compa\u00f1\u00eda telef\u00f3nica que prefieras.<\/li>\n<li class=\"ui-vpp-highlighted-specs__features-list-item ui-pdp-color--BLACK ui-pdp-size--XSMALL ui-pdp-family--REGULAR\">Pantalla IPS de 5&#8243;.<\/li>\n<li class=\"ui-vpp-highlighted-specs__features-list-item ui-pdp-color--BLACK ui-pdp-size--XSMALL ui-pdp-family--REGULAR\">C\u00e1mara delantera de 2Mpx.<\/li>\n<li class=\"ui-vpp-highlighted-specs__features-list-item ui-pdp-color--BLACK ui-pdp-size--XSMALL ui-pdp-family--REGULAR\">Procesador MediaTek MT6739 Quad-Core de 1.3GHz con 1GB de RAM.<\/li>\n<li class=\"ui-vpp-highlighted-specs__features-list-item ui-pdp-color--BLACK ui-pdp-size--XSMALL ui-pdp-family--REGULAR\">Bater\u00eda de 2000mAh.<\/li>\n<li class=\"ui-vpp-highlighted-specs__features-list-item ui-pdp-color--BLACK ui-pdp-size--XSMALL ui-pdp-family--REGULAR\">Memoria interna de 32GB.<\/li>\n<\/ul>\n","protected":false},"featured_media":67,"comment_status":"open","ping_status":"closed","template":"","meta":[],"product_cat":[15,27],"product_tag":[],"class_list":["post-66","product","type-product","status-publish","has-post-thumbnail","hentry","product_cat-productos","product_cat-tecnologia","wcpa_has_options"],"_links":{"self":[{"href":"https:\/\/mutualara.com.ar\/tiendaventas\/wp-json\/wp\/v2\/product\/66","targetHints":{"allow":["GET"]}}],"collection":[{"href":"https:\/\/mutualara.com.ar\/tiendaventas\/wp-json\/wp\/v2\/product"}],"about":[{"href":"https:\/\/mutualara.com.ar\/tiendaventas\/wp-json\/wp\/v2\/types\/product"}],"replies":[{"embeddable":true,"href":"https:\/\/mutualara.com.ar\/tiendaventas\/wp-json\/wp\/v2\/comments?post=66"}],"wp:featuredmedia":[{"embeddable":true,"href":"https:\/\/mutualara.com.ar\/tiendaventas\/wp-json\/wp\/v2\/media\/67"}],"wp:attachment":[{"href":"https:\/\/mutualara.com.ar\/tiendaventas\/wp-json\/wp\/v2\/media?parent=66"}],"wp:term":[{"taxonomy":"product_cat","embeddable":true,"href":"https:\/\/mutualara.com.ar\/tiendaventas\/wp-json\/wp\/v2\/product_cat?post=66"},{"taxonomy":"product_tag","embeddable":true,"href":"https:\/\/mutualara.com.ar\/tiendaventas\/wp-json\/wp\/v2\/product_tag?post=66"}],"curies":[{"name":"wp","href":"https:\/\/api.w.org\/{rel}","templated":true}]}}