{"id":73,"date":"2024-07-23T20:11:29","date_gmt":"2024-07-23T20:11:29","guid":{"rendered":"https:\/\/mutualara.com.ar\/tiendaventas\/?post_type=product&#038;p=73"},"modified":"2024-09-23T17:27:31","modified_gmt":"2024-09-23T17:27:31","slug":"parlante-kanji-muvup-kj-muvup","status":"publish","type":"product","link":"https:\/\/mutualara.com.ar\/tiendaventas\/producto\/parlante-kanji-muvup-kj-muvup\/","title":{"rendered":"Parlante Kanji Muvup KJ-MUVUP"},"content":{"rendered":"<p>-Excelente PARLANTE MUVUP INAL\u00c1MBRICO PORT\u00c1TIL 100W KANJI!<br \/>\n-Kanji te ofrece un sonido natural, con una gran claridad y precisi\u00f3n, que se dispersa de manera uniforme.<br \/>\n-Un parlante que asegura potencia y calidad por igual en la reproducci\u00f3n de contenidos multimedia.<br \/>\n-Excelente parlante con bluetooth para reproducir m\u00fasica en cualquier tipo de fiesta.<br \/>\n-Ilumina tus fiestas con las luces led de diferentes colores que incorpora el parlante.<br \/>\n-\u00dasalo en donde quieras, este dispositivo est\u00e1 dise\u00f1ado para que tengas el mejor sonido siempre, tanto en interiores como en exteriores.<br \/>\n-Est\u00e1 confeccionado con materiales de excelente calidad!<\/p>\n<p>\u2022Conexi\u00f3n USB\/SD.<br \/>\n\u2022Bater\u00eda recargable.<br \/>\n\u2022Distancia de escucha: 10M.<br \/>\n\u2022Frecuencia de respuesta: 100Hz- 20KHz.<br \/>\n\u2022Distorsi\u00f3n +-10%.<br \/>\n\u2022S\/N ratio: +-80dB.<br \/>\n\u2022Entrada: Micro SD\/USB.<br \/>\n\u2022Radio FM: 87.5 &#8211; 108.0 MHz.<br \/>\n\u2022Luces RGB.<br \/>\n\u2022PMPO: 100W.<\/p>\n","protected":false},"excerpt":{"rendered":"<p>-Excelente PARLANTE MUVUP INAL\u00c1MBRICO PORT\u00c1TIL 100W KANJI! -Kanji te ofrece un sonido natural, con una gran claridad y precisi\u00f3n, que se dispersa de manera uniforme. -Un parlante que asegura potencia y calidad por igual en la reproducci\u00f3n de contenidos multimedia. -Excelente parlante con bluetooth para reproducir m\u00fasica en cualquier tipo de fiesta. -Ilumina tus fiestas [&hellip;]<\/p>\n","protected":false},"featured_media":74,"comment_status":"open","ping_status":"closed","template":"","meta":[],"product_cat":[15,27],"product_tag":[],"class_list":["post-73","product","type-product","status-publish","has-post-thumbnail","hentry","product_cat-productos","product_cat-tecnologia","wcpa_has_options"],"_links":{"self":[{"href":"https:\/\/mutualara.com.ar\/tiendaventas\/wp-json\/wp\/v2\/product\/73","targetHints":{"allow":["GET"]}}],"collection":[{"href":"https:\/\/mutualara.com.ar\/tiendaventas\/wp-json\/wp\/v2\/product"}],"about":[{"href":"https:\/\/mutualara.com.ar\/tiendaventas\/wp-json\/wp\/v2\/types\/product"}],"replies":[{"embeddable":true,"href":"https:\/\/mutualara.com.ar\/tiendaventas\/wp-json\/wp\/v2\/comments?post=73"}],"wp:featuredmedia":[{"embeddable":true,"href":"https:\/\/mutualara.com.ar\/tiendaventas\/wp-json\/wp\/v2\/media\/74"}],"wp:attachment":[{"href":"https:\/\/mutualara.com.ar\/tiendaventas\/wp-json\/wp\/v2\/media?parent=73"}],"wp:term":[{"taxonomy":"product_cat","embeddable":true,"href":"https:\/\/mutualara.com.ar\/tiendaventas\/wp-json\/wp\/v2\/product_cat?post=73"},{"taxonomy":"product_tag","embeddable":true,"href":"https:\/\/mutualara.com.ar\/tiendaventas\/wp-json\/wp\/v2\/product_tag?post=73"}],"curies":[{"name":"wp","href":"https:\/\/api.w.org\/{rel}","templated":true}]}}