{"id":80,"date":"2024-07-24T16:08:23","date_gmt":"2024-07-24T16:08:23","guid":{"rendered":"https:\/\/mutualara.com.ar\/tiendaventas\/?post_type=product&#038;p=80"},"modified":"2024-09-23T17:20:16","modified_gmt":"2024-09-23T17:20:16","slug":"licuadora-vaso-de-vidrio-2en1-kanjihome-600w-red-bl0600la01r","status":"publish","type":"product","link":"https:\/\/mutualara.com.ar\/tiendaventas\/producto\/licuadora-vaso-de-vidrio-2en1-kanjihome-600w-red-bl0600la01r\/","title":{"rendered":"Licuadora Vaso De Vidrio 2en1 Kanjihome 600w Red Bl0600la01r"},"content":{"rendered":"","protected":false},"excerpt":{"rendered":"<p>Un electrodom\u00e9stico infaltable en tu casa. La licuadora Vitta te va a ayudar a obtener resultados incre\u00edbles en todo lo que prepares, ya sea que quieras disfrutar de una bebida bien fr\u00eda, de salsas y sopas, o de postres deliciosos. \u00a1Tenela siempre a mano!<\/p>\n<p>Pr\u00e1ctica y segura<br \/>\nLa funci\u00f3n turbo hace que los ingredientes se mezclen con mayor rapidez y de manera homog\u00e9nea para lograr preparaciones con texturas insuperables.<\/p>\n<p>Todo lo que m\u00e1s te gusta<br \/>\nEs apta para moler hielo en segundos y preparar smoothies refrescantes en los d\u00edas de calor. Adem\u00e1s, pod\u00e9s hacer tus propios tragos de cocteler\u00eda en casa sin necesidad de ir a un bar. Ahora el bartender \u00a1sos vos!<\/p>\n","protected":false},"featured_media":82,"comment_status":"open","ping_status":"closed","template":"","meta":[],"product_cat":[25],"product_tag":[],"class_list":["post-80","product","type-product","status-publish","has-post-thumbnail","hentry","product_cat-hogar","wcpa_has_options"],"_links":{"self":[{"href":"https:\/\/mutualara.com.ar\/tiendaventas\/wp-json\/wp\/v2\/product\/80","targetHints":{"allow":["GET"]}}],"collection":[{"href":"https:\/\/mutualara.com.ar\/tiendaventas\/wp-json\/wp\/v2\/product"}],"about":[{"href":"https:\/\/mutualara.com.ar\/tiendaventas\/wp-json\/wp\/v2\/types\/product"}],"replies":[{"embeddable":true,"href":"https:\/\/mutualara.com.ar\/tiendaventas\/wp-json\/wp\/v2\/comments?post=80"}],"wp:featuredmedia":[{"embeddable":true,"href":"https:\/\/mutualara.com.ar\/tiendaventas\/wp-json\/wp\/v2\/media\/82"}],"wp:attachment":[{"href":"https:\/\/mutualara.com.ar\/tiendaventas\/wp-json\/wp\/v2\/media?parent=80"}],"wp:term":[{"taxonomy":"product_cat","embeddable":true,"href":"https:\/\/mutualara.com.ar\/tiendaventas\/wp-json\/wp\/v2\/product_cat?post=80"},{"taxonomy":"product_tag","embeddable":true,"href":"https:\/\/mutualara.com.ar\/tiendaventas\/wp-json\/wp\/v2\/product_tag?post=80"}],"curies":[{"name":"wp","href":"https:\/\/api.w.org\/{rel}","templated":true}]}}