{"id":84,"date":"2024-07-24T16:18:53","date_gmt":"2024-07-24T16:18:53","guid":{"rendered":"https:\/\/mutualara.com.ar\/tiendaventas\/?post_type=product&#038;p=84"},"modified":"2024-07-24T16:18:53","modified_gmt":"2024-07-24T16:18:53","slug":"tostadora-liliana-sandtost-aat903","status":"publish","type":"product","link":"https:\/\/mutualara.com.ar\/tiendaventas\/producto\/tostadora-liliana-sandtost-aat903\/","title":{"rendered":"Tostadora Liliana Sandtost AAT903"},"content":{"rendered":"<ul class=\"ui-vpp-highlighted-specs__features-list\">\n<li class=\"ui-vpp-highlighted-specs__features-list-item ui-pdp-color--BLACK ui-pdp-size--XSMALL ui-pdp-family--REGULAR\">Voltaje: 220V<\/li>\n<li class=\"ui-vpp-highlighted-specs__features-list-item ui-pdp-color--BLACK ui-pdp-size--XSMALL ui-pdp-family--REGULAR\">Renov\u00e1 tus comidas y lucite en el hogar.<\/li>\n<li class=\"ui-vpp-highlighted-specs__features-list-item ui-pdp-color--BLACK ui-pdp-size--XSMALL ui-pdp-family--REGULAR\">Complemento ideal para desayunos y meriendas.<\/li>\n<li class=\"ui-vpp-highlighted-specs__features-list-item ui-pdp-color--BLACK ui-pdp-size--XSMALL ui-pdp-family--REGULAR\">Con capacidad para 2 rebanadas.<\/li>\n<li class=\"ui-vpp-highlighted-specs__features-list-item ui-pdp-color--BLACK ui-pdp-size--XSMALL ui-pdp-family--REGULAR\">Potencia de 800W.<\/li>\n<li class=\"ui-vpp-highlighted-specs__features-list-item ui-pdp-color--BLACK ui-pdp-size--XSMALL ui-pdp-family--REGULAR\">Cuenta con 7 niveles de tostado.<\/li>\n<li class=\"ui-vpp-highlighted-specs__features-list-item ui-pdp-color--BLACK ui-pdp-size--XSMALL ui-pdp-family--REGULAR\">Dispone de bandeja recoge migas.<\/li>\n<\/ul>\n","protected":false},"excerpt":{"rendered":"<p>\u00bfTe acord\u00e1s del cl\u00e1sico aroma a tostadas reci\u00e9n hechas en la casa de la abuela? \u00bfQu\u00e9 tal un gran desayuno de pan tostado con manteca y mermelada? Con la tostadora Liliana AT903 te asegurar\u00e1s un resultado parejo y crujiente. Preparar colaciones ser\u00e1 una tarea sencilla y pr\u00e1ctica. \u00a1Hacelas con tus ingredientes favoritos! Adem\u00e1s, su dise\u00f1o elegante y funcional destacar\u00e1 en tu cocina.<\/p>\n","protected":false},"featured_media":85,"comment_status":"open","ping_status":"closed","template":"","meta":[],"product_cat":[15],"product_tag":[],"class_list":["post-84","product","type-product","status-publish","has-post-thumbnail","hentry","product_cat-productos","wcpa_has_options"],"_links":{"self":[{"href":"https:\/\/mutualara.com.ar\/tiendaventas\/wp-json\/wp\/v2\/product\/84","targetHints":{"allow":["GET"]}}],"collection":[{"href":"https:\/\/mutualara.com.ar\/tiendaventas\/wp-json\/wp\/v2\/product"}],"about":[{"href":"https:\/\/mutualara.com.ar\/tiendaventas\/wp-json\/wp\/v2\/types\/product"}],"replies":[{"embeddable":true,"href":"https:\/\/mutualara.com.ar\/tiendaventas\/wp-json\/wp\/v2\/comments?post=84"}],"wp:featuredmedia":[{"embeddable":true,"href":"https:\/\/mutualara.com.ar\/tiendaventas\/wp-json\/wp\/v2\/media\/85"}],"wp:attachment":[{"href":"https:\/\/mutualara.com.ar\/tiendaventas\/wp-json\/wp\/v2\/media?parent=84"}],"wp:term":[{"taxonomy":"product_cat","embeddable":true,"href":"https:\/\/mutualara.com.ar\/tiendaventas\/wp-json\/wp\/v2\/product_cat?post=84"},{"taxonomy":"product_tag","embeddable":true,"href":"https:\/\/mutualara.com.ar\/tiendaventas\/wp-json\/wp\/v2\/product_tag?post=84"}],"curies":[{"name":"wp","href":"https:\/\/api.w.org\/{rel}","templated":true}]}}